{"id":824,"date":"2023-09-03T10:30:24","date_gmt":"2023-09-03T10:30:24","guid":{"rendered":"https:\/\/selectivita.com\/gyik\/"},"modified":"2023-12-11T08:47:08","modified_gmt":"2023-12-11T08:47:08","slug":"gyik","status":"publish","type":"page","link":"https:\/\/selectivita.com\/hu\/gyik\/","title":{"rendered":"GYIK"},"content":{"rendered":"<div class=\"fusion-fullwidth fullwidth-box fusion-builder-row-1 fusion-flex-container has-pattern-background has-mask-background nonhundred-percent-fullwidth non-hundred-percent-height-scrolling\" style=\"--awb-border-radius-top-left:0px;--awb-border-radius-top-right:0px;--awb-border-radius-bottom-right:0px;--awb-border-radius-bottom-left:0px;--awb-flex-wrap:wrap;\" ><div class=\"fusion-builder-row fusion-row fusion-flex-align-items-flex-start fusion-flex-justify-content-center fusion-flex-content-wrap\" style=\"max-width:1181.44px;margin-left: calc(-4% \/ 2 );margin-right: calc(-4% \/ 2 );\"><div class=\"fusion-layout-column fusion_builder_column fusion-builder-column-0 fusion_builder_column_1_1 1_1 fusion-flex-column\" style=\"--awb-bg-size:cover;--awb-width-large:100%;--awb-margin-top-large:0px;--awb-spacing-right-large:1.92%;--awb-margin-bottom-large:20px;--awb-spacing-left-large:1.92%;--awb-width-medium:100%;--awb-order-medium:0;--awb-spacing-right-medium:1.92%;--awb-spacing-left-medium:1.92%;--awb-width-small:100%;--awb-order-small:0;--awb-spacing-right-small:1.92%;--awb-spacing-left-small:1.92%;\" data-scroll-devices=\"small-visibility,medium-visibility,large-visibility\"><div class=\"fusion-column-wrapper fusion-column-has-shadow fusion-flex-justify-content-center fusion-content-layout-row fusion-flex-align-items-center\"><div class=\"fusion-image-element \" style=\"text-align:right;--awb-max-width:80px;--awb-caption-title-font-family:var(--h2_typography-font-family);--awb-caption-title-font-weight:var(--h2_typography-font-weight);--awb-caption-title-font-style:var(--h2_typography-font-style);--awb-caption-title-size:var(--h2_typography-font-size);--awb-caption-title-transform:var(--h2_typography-text-transform);--awb-caption-title-line-height:var(--h2_typography-line-height);--awb-caption-title-letter-spacing:var(--h2_typography-letter-spacing);\"><span class=\" fusion-imageframe imageframe-none imageframe-1 hover-type-none\"><img loading=\"lazy\" decoding=\"async\" width=\"112\" height=\"114\" title=\"image-question\" src=\"https:\/\/selectivita.com\/wp-content\/uploads\/2023\/10\/image-question.webp\" alt class=\"img-responsive wp-image-806\" srcset=\"https:\/\/selectivita.com\/wp-content\/uploads\/2023\/10\/image-question-66x66.webp 66w, https:\/\/selectivita.com\/wp-content\/uploads\/2023\/10\/image-question.webp 112w\" sizes=\"auto, (max-width: 640px) 100vw, 112px\" \/><\/span><\/div><div class=\"fusion-title title fusion-title-1 fusion-sep-none fusion-title-text fusion-title-size-one\" style=\"--awb-text-color:var(--awb-color8);--awb-margin-left:32px;--awb-font-size:var(--awb-custom_typography_23-font-size);\"><h1 class=\"fusion-title-heading title-heading-left fusion-responsive-typography-calculated\" style=\"font-family:var(--awb-custom_typography_23-font-family);font-weight:var(--awb-custom_typography_23-font-weight);font-style:var(--awb-custom_typography_23-font-style);margin:0;font-size:1em;letter-spacing:var(--awb-custom_typography_23-letter-spacing);text-transform:var(--awb-custom_typography_23-text-transform);--fontSize:34.2;line-height:1.4;\">K\u00e9rd\u00e9sek? N\u00e9zze meg itt.<\/h1><\/div><\/div><\/div><div class=\"fusion-layout-column fusion_builder_column fusion-builder-column-1 fusion_builder_column_2_3 2_3 fusion-flex-column\" style=\"--awb-overflow:hidden;--awb-bg-color:var(--awb-custom_color_53);--awb-bg-color-hover:var(--awb-custom_color_53);--awb-bg-size:cover;--awb-border-radius:16px 16px 16px 16px;--awb-width-large:66.666666666667%;--awb-margin-top-large:32px;--awb-spacing-right-large:2.88%;--awb-margin-bottom-large:20px;--awb-spacing-left-large:2.88%;--awb-width-medium:66.666666666667%;--awb-order-medium:0;--awb-spacing-right-medium:2.88%;--awb-spacing-left-medium:2.88%;--awb-width-small:100%;--awb-order-small:0;--awb-spacing-right-small:1.92%;--awb-spacing-left-small:1.92%;\" data-scroll-devices=\"small-visibility,medium-visibility,large-visibility\"><div class=\"fusion-column-wrapper fusion-column-has-shadow fusion-flex-justify-content-flex-start fusion-content-layout-column\"><div class=\"fusion-builder-row fusion-builder-row-inner fusion-row fusion-flex-align-items-flex-start fusion-flex-justify-content-center fusion-flex-content-wrap\" style=\"width:104% !important;max-width:104% !important;margin-left: calc(-4% \/ 2 );margin-right: calc(-4% \/ 2 );\"><div class=\"fusion-layout-column fusion_builder_column_inner fusion-builder-nested-column-0 fusion_builder_column_inner_1_1 1_1 fusion-flex-column\" style=\"--awb-padding-top:32px;--awb-padding-right:32px;--awb-padding-bottom:32px;--awb-padding-left:32px;--awb-bg-size:cover;--awb-width-large:100%;--awb-margin-top-large:0px;--awb-spacing-right-large:1.92%;--awb-margin-bottom-large:0px;--awb-spacing-left-large:1.92%;--awb-width-medium:100%;--awb-order-medium:0;--awb-spacing-right-medium:1.92%;--awb-spacing-left-medium:1.92%;--awb-width-small:100%;--awb-order-small:0;--awb-spacing-right-small:1.92%;--awb-spacing-left-small:1.92%;\" data-scroll-devices=\"small-visibility,medium-visibility,large-visibility\"><div class=\"fusion-column-wrapper fusion-column-has-shadow fusion-flex-justify-content-flex-start fusion-content-layout-column\"><div class=\"accordian fusion-accordian\" style=\"--awb-padding-top:8px;--awb-padding-bottom:8px;--awb-border-size:1px;--awb-icon-size:16px;--awb-content-font-size:var(--awb-custom_typography_69-font-size);--awb-content-letter-spacing:var(--awb-custom_typography_69-letter-spacing);--awb-content-text-transform:var(--awb-custom_typography_69-text-transform);--awb-content-line-height:var(--awb-custom_typography_69-line-height);--awb-icon-alignment:right;--awb-hover-color:var(--awb-color2);--awb-border-color:var(--awb-color3);--awb-background-color:var(--awb-color1);--awb-divider-color:var(--awb-color3);--awb-divider-hover-color:var(--awb-color3);--awb-icon-color:var(--awb-color3);--awb-title-color:var(--awb-color8);--awb-content-color:var(--awb-color8);--awb-icon-box-color:var(--awb-color3);--awb-toggle-hover-accent-color:var(--awb-color8);--awb-toggle-active-accent-color:var(--awb-color8);--awb-title-font-family:var(--awb-custom_typography_47-font-family);--awb-title-font-weight:var(--awb-custom_typography_47-font-weight);--awb-title-font-style:var(--awb-custom_typography_47-font-style);--awb-title-font-size:var(--awb-custom_typography_47-font-size);--awb-title-letter-spacing:var(--awb-custom_typography_47-letter-spacing);--awb-title-line-height:var(--awb-custom_typography_47-line-height);--awb-title-text-transform:var(--awb-custom_typography_47-text-transform);--awb-content-font-family:var(--awb-custom_typography_69-font-family);--awb-content-font-weight:var(--awb-custom_typography_69-font-weight);--awb-content-font-style:var(--awb-custom_typography_69-font-style);\"><div class=\"panel-group fusion-toggle-icon-right fusion-toggle-icon-unboxed\" id=\"accordion-824-1\"><div class=\"fusion-panel panel-default panel-e39bd3b7decf25f5f fusion-toggle-has-divider\" style=\"--awb-title-color:var(--awb-color8);\"><div class=\"panel-heading\"><h4 class=\"panel-title toggle\" id=\"toggle_e39bd3b7decf25f5f\"><a aria-expanded=\"false\" aria-controls=\"e39bd3b7decf25f5f\" role=\"button\" data-toggle=\"collapse\" data-parent=\"#accordion-824-1\" data-target=\"#e39bd3b7decf25f5f\" href=\"#e39bd3b7decf25f5f\"><span class=\"fusion-toggle-icon-wrapper\" aria-hidden=\"true\"><i class=\"fa-fusion-box active-icon fa-times-circle fas\" aria-hidden=\"true\"><\/i><i class=\"fa-fusion-box inactive-icon fa-plus-circle fas\" aria-hidden=\"true\"><\/i><\/span><span class=\"fusion-toggle-heading\">Hogyan tal\u00e1lkoztam... Tyler Durdennel. Tudtad, hogy ha<\/span><\/a><\/h4><\/div><div id=\"e39bd3b7decf25f5f\" class=\"panel-collapse collapse \" aria-labelledby=\"toggle_e39bd3b7decf25f5f\"><div class=\"panel-body toggle-content fusion-clearfix\">\n<p>Euismod quis viverra nibh cras pulvinar mattis nunc sed. Vel eros donec ac odio tempor. Sed vulputate odio ut enim blandit volutpat maecenas volutpat. Dolor sit amet consectetur adipiscing elit ut. Blandit volutpat maecenas volutpat blandit aliquam etiam. Dolor magna eget est lorem ipsum dolor sit amet. Odio facilisis mauris sit amet massa vitae tortor. Nulla facilisi etiam dignissim diam quis. Diam vulputate ut pharetra sit amet aliquam. Euismod nisi porta lorem mollis. Volutpat odio facilisis mauris sit amet. Fermentum et sollicitudin ac orci phasellus egestas tellus rutrum. Sem fringilla ut morbi tincidunt.<\/p>\n<\/div><\/div><\/div><div class=\"fusion-panel panel-default panel-a022820e3f53139b7 fusion-toggle-has-divider\" style=\"--awb-title-color:var(--awb-color8);\"><div class=\"panel-heading\"><h4 class=\"panel-title toggle\" id=\"toggle_a022820e3f53139b7\"><a aria-expanded=\"false\" aria-controls=\"a022820e3f53139b7\" role=\"button\" data-toggle=\"collapse\" data-parent=\"#accordion-824-1\" data-target=\"#a022820e3f53139b7\" href=\"#a022820e3f53139b7\"><span class=\"fusion-toggle-icon-wrapper\" aria-hidden=\"true\"><i class=\"fa-fusion-box active-icon fa-times-circle fas\" aria-hidden=\"true\"><\/i><i class=\"fa-fusion-box inactive-icon fa-plus-circle fas\" aria-hidden=\"true\"><\/i><\/span><span class=\"fusion-toggle-heading\">Mit csin\u00e1lsz? Hogy \u00e9rti ezt? Mit csin\u00e1lsz<\/span><\/a><\/h4><\/div><div id=\"a022820e3f53139b7\" class=\"panel-collapse collapse \" aria-labelledby=\"toggle_a022820e3f53139b7\"><div class=\"panel-body toggle-content fusion-clearfix\">\n<p>Euismod quis viverra nibh cras pulvinar mattis nunc sed. Vel eros donec ac odio tempor. Sed vulputate odio ut enim blandit volutpat maecenas volutpat. Dolor sit amet consectetur adipiscing elit ut. Blandit volutpat maecenas volutpat blandit aliquam etiam. Dolor magna eget est lorem ipsum dolor sit amet. Odio facilisis mauris sit amet massa vitae tortor. Nulla facilisi etiam dignissim diam quis. Diam vulputate ut pharetra sit amet aliquam. Euismod nisi porta lorem mollis. Volutpat odio facilisis mauris sit amet. Fermentum et sollicitudin ac orci phasellus egestas tellus rutrum. Sem fringilla ut morbi tincidunt.<\/p>\n<\/div><\/div><\/div><div class=\"fusion-panel panel-default panel-cc993f666fbb77bd4 fusion-toggle-has-divider\" style=\"--awb-title-color:var(--awb-color8);\"><div class=\"panel-heading\"><h4 class=\"panel-title toggle\" id=\"toggle_cc993f666fbb77bd4\"><a aria-expanded=\"false\" aria-controls=\"cc993f666fbb77bd4\" role=\"button\" data-toggle=\"collapse\" data-parent=\"#accordion-824-1\" data-target=\"#cc993f666fbb77bd4\" href=\"#cc993f666fbb77bd4\"><span class=\"fusion-toggle-icon-wrapper\" aria-hidden=\"true\"><i class=\"fa-fusion-box active-icon fa-times-circle fas\" aria-hidden=\"true\"><\/i><i class=\"fa-fusion-box inactive-icon fa-plus-circle fas\" aria-hidden=\"true\"><\/i><\/span><span class=\"fusion-toggle-heading\">Neked? Mi az? Okosnak lenni. Remek. Akkor csak \u00edgy tov\u00e1bb. Jobbra. Most egy k\u00e9rd\u00e9s<\/span><\/a><\/h4><\/div><div id=\"cc993f666fbb77bd4\" class=\"panel-collapse collapse \" aria-labelledby=\"toggle_cc993f666fbb77bd4\"><div class=\"panel-body toggle-content fusion-clearfix\">\n<p>Euismod quis viverra nibh cras pulvinar mattis nunc sed. Vel eros donec ac odio tempor. Sed vulputate odio ut enim blandit volutpat maecenas volutpat. Dolor sit amet consectetur adipiscing elit ut. Blandit volutpat maecenas volutpat blandit aliquam etiam. Dolor magna eget est lorem ipsum dolor sit amet. Odio facilisis mauris sit amet massa vitae tortor. Nulla facilisi etiam dignissim diam quis. Diam vulputate ut pharetra sit amet aliquam. Euismod nisi porta lorem mollis. Volutpat odio facilisis mauris sit amet. Fermentum et sollicitudin ac orci phasellus egestas tellus rutrum. Sem fringilla ut morbi tincidunt.<\/p>\n<\/div><\/div><\/div><div class=\"fusion-panel panel-default panel-f0865e2599deebacb fusion-toggle-has-divider\" style=\"--awb-title-color:var(--awb-color8);\"><div class=\"panel-heading\"><h4 class=\"panel-title toggle\" id=\"toggle_f0865e2599deebacb\"><a aria-expanded=\"false\" aria-controls=\"f0865e2599deebacb\" role=\"button\" data-toggle=\"collapse\" data-parent=\"#accordion-824-1\" data-target=\"#f0865e2599deebacb\" href=\"#f0865e2599deebacb\"><span class=\"fusion-toggle-icon-wrapper\" aria-hidden=\"true\"><i class=\"fa-fusion-box active-icon fa-times-circle fas\" aria-hidden=\"true\"><\/i><i class=\"fa-fusion-box inactive-icon fa-plus-circle fas\" aria-hidden=\"true\"><\/i><\/span><span class=\"fusion-toggle-heading\">A leg\u00e9rdekesebb &quot;egyszem\u00e9lyes&quot; bar\u00e1t<\/span><\/a><\/h4><\/div><div id=\"f0865e2599deebacb\" class=\"panel-collapse collapse \" aria-labelledby=\"toggle_f0865e2599deebacb\"><div class=\"panel-body toggle-content fusion-clearfix\">\n<p>Euismod quis viverra nibh cras pulvinar mattis nunc sed. Vel eros donec ac odio tempor. Sed vulputate odio ut enim blandit volutpat maecenas volutpat. Dolor sit amet consectetur adipiscing elit ut. Blandit volutpat maecenas volutpat blandit aliquam etiam. Dolor magna eget est lorem ipsum dolor sit amet. Odio facilisis mauris sit amet massa vitae tortor. Nulla facilisi etiam dignissim diam quis. Diam vulputate ut pharetra sit amet aliquam. Euismod nisi porta lorem mollis. Volutpat odio facilisis mauris sit amet. Fermentum et sollicitudin ac orci phasellus egestas tellus rutrum. Sem fringilla ut morbi tincidunt.<\/p>\n<\/div><\/div><\/div><\/div><\/div><\/div><\/div><\/div><div class=\"fusion-builder-row fusion-builder-row-inner fusion-row fusion-flex-align-items-flex-start fusion-flex-justify-content-center fusion-flex-content-wrap\" style=\"width:104% !important;max-width:104% !important;margin-left: calc(-4% \/ 2 );margin-right: calc(-4% \/ 2 );\"><div class=\"fusion-layout-column fusion_builder_column_inner fusion-builder-nested-column-1 fusion_builder_column_inner_1_1 1_1 fusion-flex-column\" style=\"--awb-padding-top:32px;--awb-padding-right:32px;--awb-padding-bottom:32px;--awb-padding-left:32px;--awb-bg-image:linear-gradient(45deg, #8a58a0 0%,#47ebf9 100%);--awb-bg-size:cover;--awb-width-large:100%;--awb-margin-top-large:32px;--awb-spacing-right-large:-32px;--awb-margin-bottom-large:-32px;--awb-spacing-left-large:-32px;--awb-width-medium:100%;--awb-order-medium:0;--awb-spacing-right-medium:-32px;--awb-spacing-left-medium:-32px;--awb-width-small:100%;--awb-order-small:0;--awb-spacing-right-small:1.92%;--awb-spacing-left-small:1.92%;\" data-scroll-devices=\"small-visibility,medium-visibility,large-visibility\"><div class=\"fusion-column-wrapper fusion-column-has-shadow fusion-flex-justify-content-flex-start fusion-content-layout-column\"><div class=\"fusion-title title fusion-title-2 fusion-sep-none fusion-title-center fusion-title-text fusion-title-size-div\" style=\"--awb-text-color:var(--awb-custom_color_53);--awb-font-size:var(--awb-custom_typography_55-font-size);\"><div class=\"fusion-title-heading title-heading-center title-heading-tag fusion-responsive-typography-calculated\" style=\"font-family:var(--awb-custom_typography_55-font-family);font-weight:var(--awb-custom_typography_55-font-weight);font-style:var(--awb-custom_typography_55-font-style);margin:0;font-size:1em;letter-spacing:var(--awb-custom_typography_55-letter-spacing);text-transform:var(--awb-custom_typography_55-text-transform);--fontSize:14;line-height:1.71;\">Ha nem tal\u00e1lod a v\u00e1laszt a k\u00e9rd\u00e9sedre akkor keress minket bizalommal<\/div><\/div><div style=\"text-align:center;\"><a class=\"fusion-button button-flat fusion-button-default-size button-custom fusion-button-default button-1 fusion-button-default-span fusion-button-default-type\" style=\"--button_accent_color:var(--awb-custom_color_8);--button_accent_hover_color:var(--awb-custom_color_8);--button_border_hover_color:var(--awb-color1);--button_gradient_top_color:var(--awb-custom_color_53);--button_gradient_bottom_color:var(--awb-custom_color_53);--button_gradient_top_color_hover:var(--awb-color2);--button_gradient_bottom_color_hover:var(--awb-color2);--button_margin-top:24px;\" target=\"_self\" href=\"mailto:info@selectivita.com\"><span class=\"fusion-button-text\">info@selectivita.com<\/span><\/a><\/div><\/div><\/div><\/div><\/div><\/div><\/div><\/div>\n","protected":false},"excerpt":{"rendered":"","protected":false},"author":1,"featured_media":0,"parent":0,"menu_order":0,"comment_status":"closed","ping_status":"closed","template":"","meta":{"footnotes":""},"class_list":["post-824","page","type-page","status-publish","hentry"],"_links":{"self":[{"href":"https:\/\/selectivita.com\/hu\/wp-json\/wp\/v2\/pages\/824","targetHints":{"allow":["GET"]}}],"collection":[{"href":"https:\/\/selectivita.com\/hu\/wp-json\/wp\/v2\/pages"}],"about":[{"href":"https:\/\/selectivita.com\/hu\/wp-json\/wp\/v2\/types\/page"}],"author":[{"embeddable":true,"href":"https:\/\/selectivita.com\/hu\/wp-json\/wp\/v2\/users\/1"}],"replies":[{"embeddable":true,"href":"https:\/\/selectivita.com\/hu\/wp-json\/wp\/v2\/comments?post=824"}],"version-history":[{"count":2,"href":"https:\/\/selectivita.com\/hu\/wp-json\/wp\/v2\/pages\/824\/revisions"}],"predecessor-version":[{"id":828,"href":"https:\/\/selectivita.com\/hu\/wp-json\/wp\/v2\/pages\/824\/revisions\/828"}],"wp:attachment":[{"href":"https:\/\/selectivita.com\/hu\/wp-json\/wp\/v2\/media?parent=824"}],"curies":[{"name":"wp","href":"https:\/\/api.w.org\/{rel}","templated":true}]}}